{"id":1380,"date":"2025-03-07T15:44:56","date_gmt":"2025-03-07T14:44:56","guid":{"rendered":"https:\/\/lfi72-la-france-insoumise.fr\/?page_id=1380"},"modified":"2025-10-04T17:49:31","modified_gmt":"2025-10-04T15:49:31","slug":"mentions-legales","status":"publish","type":"page","link":"https:\/\/lfi72-la-france-insoumise.fr\/index.php\/mentions-legales\/","title":{"rendered":"Mentions l\u00e9gales"},"content":{"rendered":"\n<h3 class=\"wp-block-heading\"><strong>\u00c9diteur<\/strong><\/h3>\n\n\n\n<p>Ce site est \u00e9dit\u00e9 par la boucle d\u00e9partementale de la Sarthe (lfi72)<br>25 passage Dubail<br>72000 Le Mans<\/p>\n\n\n\n<h3 class=\"wp-block-heading\"><strong>H\u00e9bergement<\/strong><\/h3>\n\n\n\n<p>Ce site est h\u00e9berg\u00e9 et administr\u00e9 par lfi72, sur des serveurs lou\u00e9s \u00e0 OVH soci\u00e9t\u00e9 par actions simplifi\u00e9e au capital de 214 410,50 Euros, si\u00e8ge social\u00a0: 2\u00a0rue Kellerman, BP 80157, 59100\u00a0Roubaix.<\/p>\n\n\n\n<h3 class=\"wp-block-heading\"><strong>Licence<\/strong><\/h3>\n\n\n\n<p>Sauf mention contraire, tous les textes de ce site sont prot\u00e9g\u00e9s par la licence Creative Commons Attribution &#8211; Pas d\u2019Utilisation Commerciale &#8211; Partage dans les M\u00eames Conditions 4.0 International, ce qui signifie que vous \u00eates libres de reproduire, diffuser et communiquer cette cr\u00e9ation au public dans les conditions de la licence.<\/p>\n\n\n\n<h3 class=\"wp-block-heading\"><strong>Donn\u00e9es personnelles<\/strong><\/h3>\n\n\n\n<p>Les informations que vous nous communiquez sont uniquement utilis\u00e9es dans le cadre de l\u2019action politique de La France insoumise. Elles sont exclusivement r\u00e9serv\u00e9es \u00e0&nbsp;l\u2019usage de la France insoumise.<\/p>\n\n\n\n<p>Les donn\u00e9es personnelles que vous envoyez \u00e0\u00a0la France insoumise en vous inscrivant ou en remplissant des formulaires de renseignement, ainsi que vos \u00e9ventuelles participations \u00e0\u00a0des groupes ou des \u00e9v\u00e9nements publics sont trait\u00e9es par la France insoumise dans le but d\u2019op\u00e9rations de communication politique et de r\u00e9colte de dons. Votre consentement pour ce traitement est explicitement demand\u00e9 lorsque vous fournissez ces donn\u00e9es.<\/p>\n\n\n\n<p>Vos informations ne pourront \u00eatre communiqu\u00e9es qu\u2019\u00e0 des co-contractants qui n\u2019agiront que sur les instructions de cette derni\u00e8re et seront soumis \u00e0&nbsp;une stricte obligation de confidentialit\u00e9. Par exemple, nos prestataires d\u2019envoi d\u2019e-mail ont acc\u00e8s aux adresses, et celui d\u2019envoi de SMS a&nbsp;acc\u00e8s aux num\u00e9ros de t\u00e9l\u00e9phone.<\/p>\n\n\n\n<p>En application des articles 38 et suivants de la loi du 6\u00a0janvier 1978, vous b\u00e9n\u00e9ficiez des droits d\u2019acc\u00e8s, de rectification, de suppression et d\u2019opposition aux informations vous concernant. Vous pouvez exercer l\u2019ensemble de vos droits en nous \u00e9crivant \u00e0 contact@lfi72-la-france-insoumise.fr ou \u00e0\u00a0La France insoumise 72, 25 passage Dubail, 72000 Le Mans.<\/p>\n\n\n\n<h4 class=\"wp-block-heading\"><strong>Cookie et mesure de fr\u00e9quentation<\/strong><\/h4>\n\n\n\n<p>Nous vous informons \u00e9galement de la pr\u00e9sence d\u2019un cookie non d\u00e9truit \u00e0&nbsp;la fin de votre consultation. Ce cookie nous permet d\u2019affiner l\u2019analyse de la fr\u00e9quentation de notre site. Tous les r\u00e9sultats obtenus sont compil\u00e9s et anonymes. Dans tous les cas, vous avez le contr\u00f4le de ces cookies. Vous avez la possibilit\u00e9 de les lire, de les filtrer, de les refuser et de les d\u00e9truire dans la configuration de votre navigateur Internet.<\/p>\n","protected":false},"excerpt":{"rendered":"<p>\u00c9diteur Ce site est \u00e9dit\u00e9 par la boucle d\u00e9partementale de la Sarthe (lfi72)25 passage Dubail72000 Le Mans H\u00e9bergement Ce site est h\u00e9berg\u00e9 et administr\u00e9 par lfi72, sur des serveurs lou\u00e9s \u00e0 OVH soci\u00e9t\u00e9 par actions simplifi\u00e9e au capital de 214 410,50 Euros, si\u00e8ge social\u00a0: 2\u00a0rue Kellerman, BP 80157, 59100\u00a0Roubaix. Licence Sauf mention contraire, tous les [&hellip;]<\/p>\n","protected":false},"author":2,"featured_media":0,"parent":0,"menu_order":0,"comment_status":"closed","ping_status":"closed","template":"","meta":{"footnotes":""},"class_list":["post-1380","page","type-page","status-publish","czr-hentry"],"yoast_head":"<!-- This site is optimized with the Yoast SEO plugin v27.3 - https:\/\/yoast.com\/product\/yoast-seo-wordpress\/ -->\n<title>Mentions l\u00e9gales - La Sarthe insoumise<\/title>\n<meta name=\"robots\" content=\"index, follow, max-snippet:-1, max-image-preview:large, max-video-preview:-1\" \/>\n<link rel=\"canonical\" href=\"https:\/\/lfi72-la-france-insoumise.fr\/index.php\/mentions-legales\/\" \/>\n<meta property=\"og:locale\" content=\"fr_FR\" \/>\n<meta property=\"og:type\" content=\"article\" \/>\n<meta property=\"og:title\" content=\"Mentions l\u00e9gales - La Sarthe insoumise\" \/>\n<meta property=\"og:description\" content=\"\u00c9diteur Ce site est \u00e9dit\u00e9 par la boucle d\u00e9partementale de la Sarthe (lfi72)25 passage Dubail72000 Le Mans H\u00e9bergement Ce site est h\u00e9berg\u00e9 et administr\u00e9 par lfi72, sur des serveurs lou\u00e9s \u00e0 OVH soci\u00e9t\u00e9 par actions simplifi\u00e9e au capital de 214 410,50 Euros, si\u00e8ge social\u00a0: 2\u00a0rue Kellerman, BP 80157, 59100\u00a0Roubaix. Licence Sauf mention contraire, tous les [&hellip;]\" \/>\n<meta property=\"og:url\" content=\"https:\/\/lfi72-la-france-insoumise.fr\/index.php\/mentions-legales\/\" \/>\n<meta property=\"og:site_name\" content=\"La Sarthe insoumise\" \/>\n<meta property=\"article:modified_time\" content=\"2025-10-04T15:49:31+00:00\" \/>\n<meta name=\"twitter:card\" content=\"summary_large_image\" \/>\n<meta name=\"twitter:label1\" content=\"Dur\u00e9e de lecture estim\u00e9e\" \/>\n\t<meta name=\"twitter:data1\" content=\"3 minutes\" \/>\n<script type=\"application\/ld+json\" class=\"yoast-schema-graph\">{\"@context\":\"https:\\\/\\\/schema.org\",\"@graph\":[{\"@type\":\"WebPage\",\"@id\":\"https:\\\/\\\/lfi72-la-france-insoumise.fr\\\/index.php\\\/mentions-legales\\\/\",\"url\":\"https:\\\/\\\/lfi72-la-france-insoumise.fr\\\/index.php\\\/mentions-legales\\\/\",\"name\":\"Mentions l\u00e9gales - La Sarthe insoumise\",\"isPartOf\":{\"@id\":\"https:\\\/\\\/lfi72-la-france-insoumise.fr\\\/#website\"},\"datePublished\":\"2025-03-07T14:44:56+00:00\",\"dateModified\":\"2025-10-04T15:49:31+00:00\",\"breadcrumb\":{\"@id\":\"https:\\\/\\\/lfi72-la-france-insoumise.fr\\\/index.php\\\/mentions-legales\\\/#breadcrumb\"},\"inLanguage\":\"fr-FR\",\"potentialAction\":[{\"@type\":\"ReadAction\",\"target\":[\"https:\\\/\\\/lfi72-la-france-insoumise.fr\\\/index.php\\\/mentions-legales\\\/\"]}]},{\"@type\":\"BreadcrumbList\",\"@id\":\"https:\\\/\\\/lfi72-la-france-insoumise.fr\\\/index.php\\\/mentions-legales\\\/#breadcrumb\",\"itemListElement\":[{\"@type\":\"ListItem\",\"position\":1,\"name\":\"Accueil\",\"item\":\"https:\\\/\\\/lfi72-la-france-insoumise.fr\\\/\"},{\"@type\":\"ListItem\",\"position\":2,\"name\":\"Mentions l\u00e9gales\"}]},{\"@type\":\"WebSite\",\"@id\":\"https:\\\/\\\/lfi72-la-france-insoumise.fr\\\/#website\",\"url\":\"https:\\\/\\\/lfi72-la-france-insoumise.fr\\\/\",\"name\":\"La Sarthe insoumise\",\"description\":\"Site du groupe des luttes de la France insoumise de la Sarthe\",\"publisher\":{\"@id\":\"https:\\\/\\\/lfi72-la-france-insoumise.fr\\\/#organization\"},\"potentialAction\":[{\"@type\":\"SearchAction\",\"target\":{\"@type\":\"EntryPoint\",\"urlTemplate\":\"https:\\\/\\\/lfi72-la-france-insoumise.fr\\\/?s={search_term_string}\"},\"query-input\":{\"@type\":\"PropertyValueSpecification\",\"valueRequired\":true,\"valueName\":\"search_term_string\"}}],\"inLanguage\":\"fr-FR\"},{\"@type\":\"Organization\",\"@id\":\"https:\\\/\\\/lfi72-la-france-insoumise.fr\\\/#organization\",\"name\":\"lfi72\",\"url\":\"https:\\\/\\\/lfi72-la-france-insoumise.fr\\\/\",\"logo\":{\"@type\":\"ImageObject\",\"inLanguage\":\"fr-FR\",\"@id\":\"https:\\\/\\\/lfi72-la-france-insoumise.fr\\\/#\\\/schema\\\/logo\\\/image\\\/\",\"url\":\"https:\\\/\\\/lfi72-la-france-insoumise.fr\\\/wp-content\\\/uploads\\\/2025\\\/08\\\/cropped-LFI_FAV.png\",\"contentUrl\":\"https:\\\/\\\/lfi72-la-france-insoumise.fr\\\/wp-content\\\/uploads\\\/2025\\\/08\\\/cropped-LFI_FAV.png\",\"width\":512,\"height\":512,\"caption\":\"lfi72\"},\"image\":{\"@id\":\"https:\\\/\\\/lfi72-la-france-insoumise.fr\\\/#\\\/schema\\\/logo\\\/image\\\/\"}}]}<\/script>\n<!-- \/ Yoast SEO plugin. -->","yoast_head_json":{"title":"Mentions l\u00e9gales - La Sarthe insoumise","robots":{"index":"index","follow":"follow","max-snippet":"max-snippet:-1","max-image-preview":"max-image-preview:large","max-video-preview":"max-video-preview:-1"},"canonical":"https:\/\/lfi72-la-france-insoumise.fr\/index.php\/mentions-legales\/","og_locale":"fr_FR","og_type":"article","og_title":"Mentions l\u00e9gales - La Sarthe insoumise","og_description":"\u00c9diteur Ce site est \u00e9dit\u00e9 par la boucle d\u00e9partementale de la Sarthe (lfi72)25 passage Dubail72000 Le Mans H\u00e9bergement Ce site est h\u00e9berg\u00e9 et administr\u00e9 par lfi72, sur des serveurs lou\u00e9s \u00e0 OVH soci\u00e9t\u00e9 par actions simplifi\u00e9e au capital de 214 410,50 Euros, si\u00e8ge social\u00a0: 2\u00a0rue Kellerman, BP 80157, 59100\u00a0Roubaix. Licence Sauf mention contraire, tous les [&hellip;]","og_url":"https:\/\/lfi72-la-france-insoumise.fr\/index.php\/mentions-legales\/","og_site_name":"La Sarthe insoumise","article_modified_time":"2025-10-04T15:49:31+00:00","twitter_card":"summary_large_image","twitter_misc":{"Dur\u00e9e de lecture estim\u00e9e":"3 minutes"},"schema":{"@context":"https:\/\/schema.org","@graph":[{"@type":"WebPage","@id":"https:\/\/lfi72-la-france-insoumise.fr\/index.php\/mentions-legales\/","url":"https:\/\/lfi72-la-france-insoumise.fr\/index.php\/mentions-legales\/","name":"Mentions l\u00e9gales - La Sarthe insoumise","isPartOf":{"@id":"https:\/\/lfi72-la-france-insoumise.fr\/#website"},"datePublished":"2025-03-07T14:44:56+00:00","dateModified":"2025-10-04T15:49:31+00:00","breadcrumb":{"@id":"https:\/\/lfi72-la-france-insoumise.fr\/index.php\/mentions-legales\/#breadcrumb"},"inLanguage":"fr-FR","potentialAction":[{"@type":"ReadAction","target":["https:\/\/lfi72-la-france-insoumise.fr\/index.php\/mentions-legales\/"]}]},{"@type":"BreadcrumbList","@id":"https:\/\/lfi72-la-france-insoumise.fr\/index.php\/mentions-legales\/#breadcrumb","itemListElement":[{"@type":"ListItem","position":1,"name":"Accueil","item":"https:\/\/lfi72-la-france-insoumise.fr\/"},{"@type":"ListItem","position":2,"name":"Mentions l\u00e9gales"}]},{"@type":"WebSite","@id":"https:\/\/lfi72-la-france-insoumise.fr\/#website","url":"https:\/\/lfi72-la-france-insoumise.fr\/","name":"La Sarthe insoumise","description":"Site du groupe des luttes de la France insoumise de la Sarthe","publisher":{"@id":"https:\/\/lfi72-la-france-insoumise.fr\/#organization"},"potentialAction":[{"@type":"SearchAction","target":{"@type":"EntryPoint","urlTemplate":"https:\/\/lfi72-la-france-insoumise.fr\/?s={search_term_string}"},"query-input":{"@type":"PropertyValueSpecification","valueRequired":true,"valueName":"search_term_string"}}],"inLanguage":"fr-FR"},{"@type":"Organization","@id":"https:\/\/lfi72-la-france-insoumise.fr\/#organization","name":"lfi72","url":"https:\/\/lfi72-la-france-insoumise.fr\/","logo":{"@type":"ImageObject","inLanguage":"fr-FR","@id":"https:\/\/lfi72-la-france-insoumise.fr\/#\/schema\/logo\/image\/","url":"https:\/\/lfi72-la-france-insoumise.fr\/wp-content\/uploads\/2025\/08\/cropped-LFI_FAV.png","contentUrl":"https:\/\/lfi72-la-france-insoumise.fr\/wp-content\/uploads\/2025\/08\/cropped-LFI_FAV.png","width":512,"height":512,"caption":"lfi72"},"image":{"@id":"https:\/\/lfi72-la-france-insoumise.fr\/#\/schema\/logo\/image\/"}}]}},"jetpack_sharing_enabled":true,"_links":{"self":[{"href":"https:\/\/lfi72-la-france-insoumise.fr\/index.php\/wp-json\/wp\/v2\/pages\/1380","targetHints":{"allow":["GET"]}}],"collection":[{"href":"https:\/\/lfi72-la-france-insoumise.fr\/index.php\/wp-json\/wp\/v2\/pages"}],"about":[{"href":"https:\/\/lfi72-la-france-insoumise.fr\/index.php\/wp-json\/wp\/v2\/types\/page"}],"author":[{"embeddable":true,"href":"https:\/\/lfi72-la-france-insoumise.fr\/index.php\/wp-json\/wp\/v2\/users\/2"}],"replies":[{"embeddable":true,"href":"https:\/\/lfi72-la-france-insoumise.fr\/index.php\/wp-json\/wp\/v2\/comments?post=1380"}],"version-history":[{"count":5,"href":"https:\/\/lfi72-la-france-insoumise.fr\/index.php\/wp-json\/wp\/v2\/pages\/1380\/revisions"}],"predecessor-version":[{"id":1907,"href":"https:\/\/lfi72-la-france-insoumise.fr\/index.php\/wp-json\/wp\/v2\/pages\/1380\/revisions\/1907"}],"wp:attachment":[{"href":"https:\/\/lfi72-la-france-insoumise.fr\/index.php\/wp-json\/wp\/v2\/media?parent=1380"}],"curies":[{"name":"wp","href":"https:\/\/api.w.org\/{rel}","templated":true}]}}